{"id":2,"date":"2023-03-22T09:49:21","date_gmt":"2023-03-22T08:49:21","guid":{"rendered":"http:\/\/klaudia-bernat.profesjonalnyprogramista.pl\/?page_id=2"},"modified":"2024-01-22T22:14:01","modified_gmt":"2024-01-22T21:14:01","slug":"przykladowa-strona","status":"publish","type":"page","link":"https:\/\/klaudia-bernat.profesjonalnyprogramista.pl\/?page_id=2","title":{"rendered":"Projekty"},"content":{"rendered":"\t\t<div data-elementor-type=\"wp-page\" data-elementor-id=\"2\" class=\"elementor elementor-2\">\n\t\t\t\t\t\t<section class=\"elementor-section elementor-top-section elementor-element elementor-element-2f8bafc elementor-section-full_width elementor-section-stretched elementor-section-height-default elementor-section-height-default\" data-id=\"2f8bafc\" data-element_type=\"section\" data-e-type=\"section\" data-settings=\"{&quot;stretch_section&quot;:&quot;section-stretched&quot;}\">\n\t\t\t\t\t\t<div class=\"elementor-container elementor-column-gap-default\">\n\t\t\t\t\t<div class=\"elementor-column elementor-col-100 elementor-top-column elementor-element elementor-element-48da3bf\" data-id=\"48da3bf\" data-element_type=\"column\" data-e-type=\"column\">\n\t\t\t<div class=\"elementor-widget-wrap elementor-element-populated\">\n\t\t\t\t\t\t<div class=\"elementor-element elementor-element-f7f26c8 elementor-widget__width-initial elementor-widget elementor-widget-qi_addons_for_elementor_section_title\" data-id=\"f7f26c8\" data-element_type=\"widget\" data-e-type=\"widget\" data-widget_type=\"qi_addons_for_elementor_section_title.default\">\n\t\t\t\t<div class=\"elementor-widget-container\">\n\t\t\t\t\t<div class=\"qodef-shortcode qodef-m  qodef-qi-section-title  qodef-decoration--italic  qodef-link--underline-draw qodef-subtitle-icon--left\">\n\t\t\t\t\t\t<h2 class=\"qodef-m-title\">\n\t\tProjekty\t<\/h2>\n\t\t\t<\/div>\n\t\t\t\t<\/div>\n\t\t\t\t<\/div>\n\t\t\t\t\t<\/div>\n\t\t<\/div>\n\t\t\t\t\t<\/div>\n\t\t<\/section>\n\t\t\t\t<section class=\"elementor-section elementor-top-section elementor-element elementor-element-12c2ab2 elementor-section-boxed elementor-section-height-default elementor-section-height-default\" data-id=\"12c2ab2\" data-element_type=\"section\" data-e-type=\"section\">\n\t\t\t\t\t\t<div class=\"elementor-container elementor-column-gap-default\">\n\t\t\t\t\t<div class=\"elementor-column elementor-col-100 elementor-top-column elementor-element elementor-element-3db8a4a\" data-id=\"3db8a4a\" data-element_type=\"column\" data-e-type=\"column\">\n\t\t\t<div class=\"elementor-widget-wrap elementor-element-populated\">\n\t\t\t\t\t\t<section class=\"elementor-section elementor-inner-section elementor-element elementor-element-31ce4bc elementor-section-boxed elementor-section-height-default elementor-section-height-default\" data-id=\"31ce4bc\" data-element_type=\"section\" data-e-type=\"section\" data-settings=\"{&quot;background_background&quot;:&quot;classic&quot;}\">\n\t\t\t\t\t\t<div class=\"elementor-container elementor-column-gap-default\">\n\t\t\t\t\t<div class=\"elementor-column elementor-col-50 elementor-inner-column elementor-element elementor-element-6da4757\" data-id=\"6da4757\" data-element_type=\"column\" data-e-type=\"column\">\n\t\t\t<div class=\"elementor-widget-wrap elementor-element-populated\">\n\t\t\t\t\t\t<div class=\"elementor-element elementor-element-3324f8a elementor-widget elementor-widget-image\" data-id=\"3324f8a\" data-element_type=\"widget\" data-e-type=\"widget\" data-widget_type=\"image.default\">\n\t\t\t\t<div class=\"elementor-widget-container\">\n\t\t\t\t\t\t\t\t\t\t\t\t\t\t\t<img fetchpriority=\"high\" decoding=\"async\" width=\"869\" height=\"617\" src=\"https:\/\/klaudia-bernat.profesjonalnyprogramista.pl\/wp-content\/uploads\/2024\/01\/Zrzut-ekranu-2024-01-17-123753.png\" class=\"attachment-large size-large wp-image-944\" alt=\"\" srcset=\"https:\/\/klaudia-bernat.profesjonalnyprogramista.pl\/wp-content\/uploads\/2024\/01\/Zrzut-ekranu-2024-01-17-123753.png 869w, https:\/\/klaudia-bernat.profesjonalnyprogramista.pl\/wp-content\/uploads\/2024\/01\/Zrzut-ekranu-2024-01-17-123753-300x213.png 300w, https:\/\/klaudia-bernat.profesjonalnyprogramista.pl\/wp-content\/uploads\/2024\/01\/Zrzut-ekranu-2024-01-17-123753-768x545.png 768w\" sizes=\"(max-width: 869px) 100vw, 869px\" \/>\t\t\t\t\t\t\t\t\t\t\t\t\t\t\t<\/div>\n\t\t\t\t<\/div>\n\t\t\t\t\t<\/div>\n\t\t<\/div>\n\t\t\t\t<div class=\"elementor-column elementor-col-50 elementor-inner-column elementor-element elementor-element-7da56fa\" data-id=\"7da56fa\" data-element_type=\"column\" data-e-type=\"column\">\n\t\t\t<div class=\"elementor-widget-wrap elementor-element-populated\">\n\t\t\t\t\t\t<div class=\"elementor-element elementor-element-f6bf7c5 elementor-widget elementor-widget-heading\" data-id=\"f6bf7c5\" data-element_type=\"widget\" data-e-type=\"widget\" data-widget_type=\"heading.default\">\n\t\t\t\t<div class=\"elementor-widget-container\">\n\t\t\t\t\t<h2 class=\"elementor-heading-title elementor-size-default\"><a href=\"https:\/\/klaudia-bernat.profesjonalnyprogramista.pl\/?p=939\">Aplikacja pogodowa<\/a><\/h2>\t\t\t\t<\/div>\n\t\t\t\t<\/div>\n\t\t\t\t<div class=\"elementor-element elementor-element-a5a20e0 elementor-widget elementor-widget-text-editor\" data-id=\"a5a20e0\" data-element_type=\"widget\" data-e-type=\"widget\" data-widget_type=\"text-editor.default\">\n\t\t\t\t<div class=\"elementor-widget-container\">\n\t\t\t\t\t\t\t\t\t<p>Aplikacja s\u0142u\u017c\u0105ca do wy\u015bwietlania pogody i prognozy na cztery najbli\u017csze dni dla dw\u00f3ch wybranych miast. Napisa\u0142am j\u0105 w j\u0119zyku Java, a interfejs graficzny stworzy\u0142am za pomoc\u0105 JavaFX.<\/p>\t\t\t\t\t\t\t\t<\/div>\n\t\t\t\t<\/div>\n\t\t\t\t<div class=\"elementor-element elementor-element-d897f06 elementor-widget elementor-widget-spacer\" data-id=\"d897f06\" data-element_type=\"widget\" data-e-type=\"widget\" data-widget_type=\"spacer.default\">\n\t\t\t\t<div class=\"elementor-widget-container\">\n\t\t\t\t\t\t\t<div class=\"elementor-spacer\">\n\t\t\t<div class=\"elementor-spacer-inner\"><\/div>\n\t\t<\/div>\n\t\t\t\t\t\t<\/div>\n\t\t\t\t<\/div>\n\t\t\t\t<div class=\"elementor-element elementor-element-2fe59de elementor-align-right elementor-widget elementor-widget-button\" data-id=\"2fe59de\" data-element_type=\"widget\" data-e-type=\"widget\" data-widget_type=\"button.default\">\n\t\t\t\t<div class=\"elementor-widget-container\">\n\t\t\t\t\t\t\t\t\t<div class=\"elementor-button-wrapper\">\n\t\t\t\t\t<a class=\"elementor-button elementor-button-link elementor-size-md\" href=\"https:\/\/klaudia-bernat.profesjonalnyprogramista.pl\/?p=939\">\n\t\t\t\t\t\t<span class=\"elementor-button-content-wrapper\">\n\t\t\t\t\t\t\t\t\t<span class=\"elementor-button-text\">Sprawd\u017a<\/span>\n\t\t\t\t\t<\/span>\n\t\t\t\t\t<\/a>\n\t\t\t\t<\/div>\n\t\t\t\t\t\t\t\t<\/div>\n\t\t\t\t<\/div>\n\t\t\t\t\t<\/div>\n\t\t<\/div>\n\t\t\t\t\t<\/div>\n\t\t<\/section>\n\t\t\t\t<section class=\"elementor-section elementor-inner-section elementor-element elementor-element-955000b elementor-section-boxed elementor-section-height-default elementor-section-height-default\" data-id=\"955000b\" data-element_type=\"section\" data-e-type=\"section\" data-settings=\"{&quot;background_background&quot;:&quot;classic&quot;}\">\n\t\t\t\t\t\t<div class=\"elementor-container elementor-column-gap-default\">\n\t\t\t\t\t<div class=\"elementor-column elementor-col-50 elementor-inner-column elementor-element elementor-element-231a69b\" data-id=\"231a69b\" data-element_type=\"column\" data-e-type=\"column\">\n\t\t\t<div class=\"elementor-widget-wrap elementor-element-populated\">\n\t\t\t\t\t\t<div class=\"elementor-element elementor-element-4942fae elementor-widget elementor-widget-image\" data-id=\"4942fae\" data-element_type=\"widget\" data-e-type=\"widget\" data-widget_type=\"image.default\">\n\t\t\t\t<div class=\"elementor-widget-container\">\n\t\t\t\t\t\t\t\t\t\t\t\t\t\t\t<img decoding=\"async\" width=\"1024\" height=\"508\" src=\"https:\/\/klaudia-bernat.profesjonalnyprogramista.pl\/wp-content\/uploads\/2023\/04\/aplikacja-1024x508.jpg\" class=\"attachment-large size-large wp-image-438\" alt=\"\" srcset=\"https:\/\/klaudia-bernat.profesjonalnyprogramista.pl\/wp-content\/uploads\/2023\/04\/aplikacja-1024x508.jpg 1024w, https:\/\/klaudia-bernat.profesjonalnyprogramista.pl\/wp-content\/uploads\/2023\/04\/aplikacja-300x149.jpg 300w, https:\/\/klaudia-bernat.profesjonalnyprogramista.pl\/wp-content\/uploads\/2023\/04\/aplikacja-768x381.jpg 768w, https:\/\/klaudia-bernat.profesjonalnyprogramista.pl\/wp-content\/uploads\/2023\/04\/aplikacja-1536x762.jpg 1536w, https:\/\/klaudia-bernat.profesjonalnyprogramista.pl\/wp-content\/uploads\/2023\/04\/aplikacja.jpg 1920w\" sizes=\"(max-width: 1024px) 100vw, 1024px\" \/>\t\t\t\t\t\t\t\t\t\t\t\t\t\t\t<\/div>\n\t\t\t\t<\/div>\n\t\t\t\t\t<\/div>\n\t\t<\/div>\n\t\t\t\t<div class=\"elementor-column elementor-col-50 elementor-inner-column elementor-element elementor-element-d8576b6\" data-id=\"d8576b6\" data-element_type=\"column\" data-e-type=\"column\">\n\t\t\t<div class=\"elementor-widget-wrap elementor-element-populated\">\n\t\t\t\t\t\t<div class=\"elementor-element elementor-element-7b08055 elementor-widget elementor-widget-heading\" data-id=\"7b08055\" data-element_type=\"widget\" data-e-type=\"widget\" data-widget_type=\"heading.default\">\n\t\t\t\t<div class=\"elementor-widget-container\">\n\t\t\t\t\t<h2 class=\"elementor-heading-title elementor-size-default\"><a href=\"https:\/\/klaudia-bernat.profesjonalnyprogramista.pl\/?p=436\">Webowa aplikacja bud\u017cetowa<\/a><\/h2>\t\t\t\t<\/div>\n\t\t\t\t<\/div>\n\t\t\t\t<div class=\"elementor-element elementor-element-f602d57 elementor-widget elementor-widget-text-editor\" data-id=\"f602d57\" data-element_type=\"widget\" data-e-type=\"widget\" data-widget_type=\"text-editor.default\">\n\t\t\t\t<div class=\"elementor-widget-container\">\n\t\t\t\t\t\t\t\t\t<p>Jest to aplikacja wspomagaj\u0105ca zarz\u0105dzanie bud\u017cetem osobistym. Umo\u017cliwia dodawanie i edytowanie przychod\u00f3w i wydatk\u00f3w, podgl\u0105danie bilansu z wybranego okresu czasu i zarz\u0105dzanie kategoriami wpis\u00f3w. Napisa\u0142am j\u0105 w j\u0119zyku C++, HTML, CSS i JavaScript.<\/p>\t\t\t\t\t\t\t\t<\/div>\n\t\t\t\t<\/div>\n\t\t\t\t<div class=\"elementor-element elementor-element-e291fe3 elementor-align-right elementor-widget elementor-widget-button\" data-id=\"e291fe3\" data-element_type=\"widget\" data-e-type=\"widget\" data-widget_type=\"button.default\">\n\t\t\t\t<div class=\"elementor-widget-container\">\n\t\t\t\t\t\t\t\t\t<div class=\"elementor-button-wrapper\">\n\t\t\t\t\t<a class=\"elementor-button elementor-button-link elementor-size-md\" href=\"https:\/\/klaudia-bernat.profesjonalnyprogramista.pl\/?p=436\">\n\t\t\t\t\t\t<span class=\"elementor-button-content-wrapper\">\n\t\t\t\t\t\t\t\t\t<span class=\"elementor-button-text\">Sprawd\u017a<\/span>\n\t\t\t\t\t<\/span>\n\t\t\t\t\t<\/a>\n\t\t\t\t<\/div>\n\t\t\t\t\t\t\t\t<\/div>\n\t\t\t\t<\/div>\n\t\t\t\t\t<\/div>\n\t\t<\/div>\n\t\t\t\t\t<\/div>\n\t\t<\/section>\n\t\t\t\t<section class=\"elementor-section elementor-inner-section elementor-element elementor-element-46eca91 elementor-section-boxed elementor-section-height-default elementor-section-height-default\" data-id=\"46eca91\" data-element_type=\"section\" data-e-type=\"section\" data-settings=\"{&quot;background_background&quot;:&quot;classic&quot;}\">\n\t\t\t\t\t\t<div class=\"elementor-container elementor-column-gap-default\">\n\t\t\t\t\t<div class=\"elementor-column elementor-col-50 elementor-inner-column elementor-element elementor-element-a6136a1\" data-id=\"a6136a1\" data-element_type=\"column\" data-e-type=\"column\">\n\t\t\t<div class=\"elementor-widget-wrap elementor-element-populated\">\n\t\t\t\t\t\t<div class=\"elementor-element elementor-element-e1d185d elementor-widget elementor-widget-image\" data-id=\"e1d185d\" data-element_type=\"widget\" data-e-type=\"widget\" data-widget_type=\"image.default\">\n\t\t\t\t<div class=\"elementor-widget-container\">\n\t\t\t\t\t\t\t\t\t\t\t\t\t\t\t<img decoding=\"async\" width=\"282\" height=\"300\" src=\"https:\/\/klaudia-bernat.profesjonalnyprogramista.pl\/wp-content\/uploads\/2024\/01\/Menu-uzytkownika-1-282x300.png\" class=\"attachment-medium size-medium wp-image-1027\" alt=\"\" srcset=\"https:\/\/klaudia-bernat.profesjonalnyprogramista.pl\/wp-content\/uploads\/2024\/01\/Menu-uzytkownika-1-282x300.png 282w, https:\/\/klaudia-bernat.profesjonalnyprogramista.pl\/wp-content\/uploads\/2024\/01\/Menu-uzytkownika-1.png 466w\" sizes=\"(max-width: 282px) 100vw, 282px\" \/>\t\t\t\t\t\t\t\t\t\t\t\t\t\t\t<\/div>\n\t\t\t\t<\/div>\n\t\t\t\t\t<\/div>\n\t\t<\/div>\n\t\t\t\t<div class=\"elementor-column elementor-col-50 elementor-inner-column elementor-element elementor-element-40cc8de\" data-id=\"40cc8de\" data-element_type=\"column\" data-e-type=\"column\">\n\t\t\t<div class=\"elementor-widget-wrap elementor-element-populated\">\n\t\t\t\t\t\t<div class=\"elementor-element elementor-element-0567d8e elementor-widget elementor-widget-heading\" data-id=\"0567d8e\" data-element_type=\"widget\" data-e-type=\"widget\" data-widget_type=\"heading.default\">\n\t\t\t\t<div class=\"elementor-widget-container\">\n\t\t\t\t\t<h2 class=\"elementor-heading-title elementor-size-default\"><a href=\"https:\/\/klaudia-bernat.profesjonalnyprogramista.pl\/?p=1016\">Aplikacja bud\u017cetowa<\/a><\/h2>\t\t\t\t<\/div>\n\t\t\t\t<\/div>\n\t\t\t\t<div class=\"elementor-element elementor-element-db1b309 elementor-widget elementor-widget-text-editor\" data-id=\"db1b309\" data-element_type=\"widget\" data-e-type=\"widget\" data-widget_type=\"text-editor.default\">\n\t\t\t\t<div class=\"elementor-widget-container\">\n\t\t\t\t\t\t\t\t\t<p>Desktopowa aplikacja pomagaj\u0105ca zarz\u0105dza\u0107 bud\u017cetem osobistym dla wielu u\u017cytkownik\u00f3w na jednym urz\u0105dzeniu. Umo\u017cliwia\u00a0 dodawanie przychod\u00f3w i wydatk\u00f3w, wy\u015bwietlanie bilansu z wybranego okresu czasu. Napisa\u0142am j\u0105 w j\u0119zyku C++.<\/p>\t\t\t\t\t\t\t\t<\/div>\n\t\t\t\t<\/div>\n\t\t\t\t<div class=\"elementor-element elementor-element-9eabc19 elementor-align-right elementor-widget elementor-widget-button\" data-id=\"9eabc19\" data-element_type=\"widget\" data-e-type=\"widget\" data-widget_type=\"button.default\">\n\t\t\t\t<div class=\"elementor-widget-container\">\n\t\t\t\t\t\t\t\t\t<div class=\"elementor-button-wrapper\">\n\t\t\t\t\t<a class=\"elementor-button elementor-button-link elementor-size-md\" href=\"https:\/\/klaudia-bernat.profesjonalnyprogramista.pl\/?p=1016\">\n\t\t\t\t\t\t<span class=\"elementor-button-content-wrapper\">\n\t\t\t\t\t\t\t\t\t<span class=\"elementor-button-text\">Sprawd\u017a<\/span>\n\t\t\t\t\t<\/span>\n\t\t\t\t\t<\/a>\n\t\t\t\t<\/div>\n\t\t\t\t\t\t\t\t<\/div>\n\t\t\t\t<\/div>\n\t\t\t\t\t<\/div>\n\t\t<\/div>\n\t\t\t\t\t<\/div>\n\t\t<\/section>\n\t\t\t\t<section class=\"elementor-section elementor-inner-section elementor-element elementor-element-1ed82a4 elementor-section-boxed elementor-section-height-default elementor-section-height-default\" data-id=\"1ed82a4\" data-element_type=\"section\" data-e-type=\"section\" data-settings=\"{&quot;background_background&quot;:&quot;classic&quot;}\">\n\t\t\t\t\t\t<div class=\"elementor-container elementor-column-gap-default\">\n\t\t\t\t\t<div class=\"elementor-column elementor-col-50 elementor-inner-column elementor-element elementor-element-315eb82\" data-id=\"315eb82\" data-element_type=\"column\" data-e-type=\"column\">\n\t\t\t<div class=\"elementor-widget-wrap elementor-element-populated\">\n\t\t\t\t\t\t<div class=\"elementor-element elementor-element-f74b7f3 elementor-widget elementor-widget-image\" data-id=\"f74b7f3\" data-element_type=\"widget\" data-e-type=\"widget\" data-widget_type=\"image.default\">\n\t\t\t\t<div class=\"elementor-widget-container\">\n\t\t\t\t\t\t\t\t\t\t\t\t\t\t\t<img loading=\"lazy\" decoding=\"async\" width=\"300\" height=\"257\" src=\"https:\/\/klaudia-bernat.profesjonalnyprogramista.pl\/wp-content\/uploads\/2024\/01\/menu-uzytkownika-300x257.png\" class=\"attachment-medium size-medium wp-image-962\" alt=\"\" srcset=\"https:\/\/klaudia-bernat.profesjonalnyprogramista.pl\/wp-content\/uploads\/2024\/01\/menu-uzytkownika-300x257.png 300w, https:\/\/klaudia-bernat.profesjonalnyprogramista.pl\/wp-content\/uploads\/2024\/01\/menu-uzytkownika.png 462w\" sizes=\"(max-width: 300px) 100vw, 300px\" \/>\t\t\t\t\t\t\t\t\t\t\t\t\t\t\t<\/div>\n\t\t\t\t<\/div>\n\t\t\t\t\t<\/div>\n\t\t<\/div>\n\t\t\t\t<div class=\"elementor-column elementor-col-50 elementor-inner-column elementor-element elementor-element-90aafb8\" data-id=\"90aafb8\" data-element_type=\"column\" data-e-type=\"column\">\n\t\t\t<div class=\"elementor-widget-wrap elementor-element-populated\">\n\t\t\t\t\t\t<div class=\"elementor-element elementor-element-38ce909 elementor-widget elementor-widget-heading\" data-id=\"38ce909\" data-element_type=\"widget\" data-e-type=\"widget\" data-widget_type=\"heading.default\">\n\t\t\t\t<div class=\"elementor-widget-container\">\n\t\t\t\t\t<h2 class=\"elementor-heading-title elementor-size-default\"><a href=\"https:\/\/klaudia-bernat.profesjonalnyprogramista.pl\/?p=953\">Ksi\u0105\u017cka adresowa<\/a><\/h2>\t\t\t\t<\/div>\n\t\t\t\t<\/div>\n\t\t\t\t<div class=\"elementor-element elementor-element-74d93f1 elementor-widget elementor-widget-text-editor\" data-id=\"74d93f1\" data-element_type=\"widget\" data-e-type=\"widget\" data-widget_type=\"text-editor.default\">\n\t\t\t\t<div class=\"elementor-widget-container\">\n\t\t\t\t\t\t\t\t\t<p>Kolejna desktopowa aplikacja dla wielu u\u017cytkownik\u00f3w. Pozwala na dodawanie danych adresowych, wyszukiwanie po imieniu lub nazwisku, wy\u015bwietlanie wszystkich, usuwanie i edytowanie adresat\u00f3w. Napisa\u0142am j\u0105 w j\u0119zyku C++.<\/p>\t\t\t\t\t\t\t\t<\/div>\n\t\t\t\t<\/div>\n\t\t\t\t<div class=\"elementor-element elementor-element-83e9398 elementor-align-right elementor-widget elementor-widget-button\" data-id=\"83e9398\" data-element_type=\"widget\" data-e-type=\"widget\" data-widget_type=\"button.default\">\n\t\t\t\t<div class=\"elementor-widget-container\">\n\t\t\t\t\t\t\t\t\t<div class=\"elementor-button-wrapper\">\n\t\t\t\t\t<a class=\"elementor-button elementor-button-link elementor-size-md\" href=\"https:\/\/klaudia-bernat.profesjonalnyprogramista.pl\/?p=953\">\n\t\t\t\t\t\t<span class=\"elementor-button-content-wrapper\">\n\t\t\t\t\t\t\t\t\t<span class=\"elementor-button-text\">Sprawd\u017a<\/span>\n\t\t\t\t\t<\/span>\n\t\t\t\t\t<\/a>\n\t\t\t\t<\/div>\n\t\t\t\t\t\t\t\t<\/div>\n\t\t\t\t<\/div>\n\t\t\t\t\t<\/div>\n\t\t<\/div>\n\t\t\t\t\t<\/div>\n\t\t<\/section>\n\t\t\t\t\t<\/div>\n\t\t<\/div>\n\t\t\t\t\t<\/div>\n\t\t<\/section>\n\t\t\t\t<\/div>\n\t\t","protected":false},"excerpt":{"rendered":"<p>Projekty Aplikacja pogodowa Aplikacja s\u0142u\u017c\u0105ca do wy\u015bwietlania pogody i prognozy na cztery najbli\u017csze dni dla dw\u00f3ch wybranych miast. Napisa\u0142am j\u0105 w j\u0119zyku Java, a interfejs graficzny stworzy\u0142am za pomoc\u0105 JavaFX. Sprawd\u017a Webowa aplikacja bud\u017cetowa Jest to aplikacja wspomagaj\u0105ca zarz\u0105dzanie bud\u017cetem osobistym. Umo\u017cliwia dodawanie i edytowanie przychod\u00f3w i wydatk\u00f3w, podgl\u0105danie bilansu z wybranego okresu czasu i&hellip;<\/p>\n","protected":false},"author":1,"featured_media":0,"parent":0,"menu_order":0,"comment_status":"closed","ping_status":"open","template":"","meta":{"footnotes":""},"class_list":["post-2","page","type-page","status-publish","hentry"],"_links":{"self":[{"href":"https:\/\/klaudia-bernat.profesjonalnyprogramista.pl\/index.php?rest_route=\/wp\/v2\/pages\/2","targetHints":{"allow":["GET"]}}],"collection":[{"href":"https:\/\/klaudia-bernat.profesjonalnyprogramista.pl\/index.php?rest_route=\/wp\/v2\/pages"}],"about":[{"href":"https:\/\/klaudia-bernat.profesjonalnyprogramista.pl\/index.php?rest_route=\/wp\/v2\/types\/page"}],"author":[{"embeddable":true,"href":"https:\/\/klaudia-bernat.profesjonalnyprogramista.pl\/index.php?rest_route=\/wp\/v2\/users\/1"}],"replies":[{"embeddable":true,"href":"https:\/\/klaudia-bernat.profesjonalnyprogramista.pl\/index.php?rest_route=%2Fwp%2Fv2%2Fcomments&post=2"}],"version-history":[{"count":23,"href":"https:\/\/klaudia-bernat.profesjonalnyprogramista.pl\/index.php?rest_route=\/wp\/v2\/pages\/2\/revisions"}],"predecessor-version":[{"id":1061,"href":"https:\/\/klaudia-bernat.profesjonalnyprogramista.pl\/index.php?rest_route=\/wp\/v2\/pages\/2\/revisions\/1061"}],"wp:attachment":[{"href":"https:\/\/klaudia-bernat.profesjonalnyprogramista.pl\/index.php?rest_route=%2Fwp%2Fv2%2Fmedia&parent=2"}],"curies":[{"name":"wp","href":"https:\/\/api.w.org\/{rel}","templated":true}]}}