{"id":264,"date":"2018-10-23T08:26:13","date_gmt":"2018-10-23T08:26:13","guid":{"rendered":"https:\/\/futuriodemos.com\/default-demo\/?page_id=56"},"modified":"2024-01-22T22:09:01","modified_gmt":"2024-01-22T21:09:01","slug":"blog-2","status":"publish","type":"page","link":"https:\/\/klaudia-bernat.profesjonalnyprogramista.pl\/?page_id=264","title":{"rendered":"Artyku\u0142y"},"content":{"rendered":"\t\t<div data-elementor-type=\"wp-page\" data-elementor-id=\"264\" class=\"elementor elementor-264\">\n\t\t\t\t\t\t<section class=\"elementor-section elementor-top-section elementor-element elementor-element-94a7bf0 elementor-section-full_width elementor-section-stretched elementor-section-height-default elementor-section-height-default\" data-id=\"94a7bf0\" data-element_type=\"section\" data-e-type=\"section\" data-settings=\"{&quot;stretch_section&quot;:&quot;section-stretched&quot;}\">\n\t\t\t\t\t\t<div class=\"elementor-container elementor-column-gap-default\">\n\t\t\t\t\t<div class=\"elementor-column elementor-col-100 elementor-top-column elementor-element elementor-element-4aed976\" data-id=\"4aed976\" data-element_type=\"column\" data-e-type=\"column\">\n\t\t\t<div class=\"elementor-widget-wrap elementor-element-populated\">\n\t\t\t\t\t\t<div class=\"elementor-element elementor-element-4b84644 elementor-widget__width-initial elementor-widget elementor-widget-qi_addons_for_elementor_section_title\" data-id=\"4b84644\" data-element_type=\"widget\" data-e-type=\"widget\" data-widget_type=\"qi_addons_for_elementor_section_title.default\">\n\t\t\t\t<div class=\"elementor-widget-container\">\n\t\t\t\t\t<div class=\"qodef-shortcode qodef-m  qodef-qi-section-title  qodef-decoration--italic  qodef-link--underline-draw qodef-subtitle-icon--left\">\n\t\t\t\t\t\t<h2 class=\"qodef-m-title\">\n\t\tArtyku\u0142y\t<\/h2>\n\t\t\t<\/div>\n\t\t\t\t<\/div>\n\t\t\t\t<\/div>\n\t\t\t\t\t<\/div>\n\t\t<\/div>\n\t\t\t\t\t<\/div>\n\t\t<\/section>\n\t\t\t\t<section class=\"elementor-section elementor-top-section elementor-element elementor-element-740f316 elementor-section-stretched elementor-section-boxed elementor-section-height-default elementor-section-height-default\" data-id=\"740f316\" data-element_type=\"section\" data-e-type=\"section\" data-settings=\"{&quot;stretch_section&quot;:&quot;section-stretched&quot;}\">\n\t\t\t\t\t\t<div class=\"elementor-container elementor-column-gap-default\">\n\t\t\t\t\t<div class=\"elementor-column elementor-col-33 elementor-top-column elementor-element elementor-element-b0391e3\" data-id=\"b0391e3\" data-element_type=\"column\" data-e-type=\"column\" data-settings=\"{&quot;background_background&quot;:&quot;classic&quot;}\">\n\t\t\t<div class=\"elementor-widget-wrap elementor-element-populated\">\n\t\t\t\t\t\t<div class=\"elementor-element elementor-element-b0bb4cb elementor-position-top elementor-widget elementor-widget-image-box\" data-id=\"b0bb4cb\" data-element_type=\"widget\" data-e-type=\"widget\" data-widget_type=\"image-box.default\">\n\t\t\t\t<div class=\"elementor-widget-container\">\n\t\t\t\t\t<div class=\"elementor-image-box-wrapper\"><figure class=\"elementor-image-box-img\"><a href=\"https:\/\/klaudia-bernat.profesjonalnyprogramista.pl\/?page_id=779\" tabindex=\"-1\"><img fetchpriority=\"high\" decoding=\"async\" width=\"650\" height=\"650\" src=\"https:\/\/klaudia-bernat.profesjonalnyprogramista.pl\/wp-content\/uploads\/2024\/01\/5b6b662b-b442-44d4-bf4d-d922ab180eec-650x650.jpg\" class=\"attachment-qi_addons_for_elementor_image_size_square size-qi_addons_for_elementor_image_size_square wp-image-835\" alt=\"\" srcset=\"https:\/\/klaudia-bernat.profesjonalnyprogramista.pl\/wp-content\/uploads\/2024\/01\/5b6b662b-b442-44d4-bf4d-d922ab180eec-650x650.jpg 650w, https:\/\/klaudia-bernat.profesjonalnyprogramista.pl\/wp-content\/uploads\/2024\/01\/5b6b662b-b442-44d4-bf4d-d922ab180eec-300x300.jpg 300w, https:\/\/klaudia-bernat.profesjonalnyprogramista.pl\/wp-content\/uploads\/2024\/01\/5b6b662b-b442-44d4-bf4d-d922ab180eec-150x150.jpg 150w, https:\/\/klaudia-bernat.profesjonalnyprogramista.pl\/wp-content\/uploads\/2024\/01\/5b6b662b-b442-44d4-bf4d-d922ab180eec-768x768.jpg 768w, https:\/\/klaudia-bernat.profesjonalnyprogramista.pl\/wp-content\/uploads\/2024\/01\/5b6b662b-b442-44d4-bf4d-d922ab180eec.jpg 1024w\" sizes=\"(max-width: 650px) 100vw, 650px\" \/><\/a><\/figure><div class=\"elementor-image-box-content\"><h3 class=\"elementor-image-box-title\"><a href=\"https:\/\/klaudia-bernat.profesjonalnyprogramista.pl\/?page_id=779\">Czysty kod<\/a><\/h3><p class=\"elementor-image-box-description\">Zajmuj\u0119 si\u0119 tu tematyk\u0105 zasad pomagaj\u0105cych tworzy\u0107 czysty kod.<\/p><\/div><\/div>\t\t\t\t<\/div>\n\t\t\t\t<\/div>\n\t\t\t\t\t<\/div>\n\t\t<\/div>\n\t\t\t\t<div class=\"elementor-column elementor-col-33 elementor-top-column elementor-element elementor-element-b64b147\" data-id=\"b64b147\" data-element_type=\"column\" data-e-type=\"column\" data-settings=\"{&quot;background_background&quot;:&quot;classic&quot;}\">\n\t\t\t<div class=\"elementor-widget-wrap elementor-element-populated\">\n\t\t\t\t\t\t<div class=\"elementor-element elementor-element-183e1f6 elementor-position-top elementor-widget elementor-widget-image-box\" data-id=\"183e1f6\" data-element_type=\"widget\" data-e-type=\"widget\" data-widget_type=\"image-box.default\">\n\t\t\t\t<div class=\"elementor-widget-container\">\n\t\t\t\t\t<div class=\"elementor-image-box-wrapper\"><figure class=\"elementor-image-box-img\"><a href=\"https:\/\/klaudia-bernat.profesjonalnyprogramista.pl\/?page_id=794\" tabindex=\"-1\"><img decoding=\"async\" width=\"1024\" height=\"1024\" src=\"https:\/\/klaudia-bernat.profesjonalnyprogramista.pl\/wp-content\/uploads\/2024\/01\/b220a9e6-4bce-40fa-8e25-3148127cd203.jpg\" class=\"attachment-full size-full wp-image-837\" alt=\"\" srcset=\"https:\/\/klaudia-bernat.profesjonalnyprogramista.pl\/wp-content\/uploads\/2024\/01\/b220a9e6-4bce-40fa-8e25-3148127cd203.jpg 1024w, https:\/\/klaudia-bernat.profesjonalnyprogramista.pl\/wp-content\/uploads\/2024\/01\/b220a9e6-4bce-40fa-8e25-3148127cd203-300x300.jpg 300w, https:\/\/klaudia-bernat.profesjonalnyprogramista.pl\/wp-content\/uploads\/2024\/01\/b220a9e6-4bce-40fa-8e25-3148127cd203-150x150.jpg 150w, https:\/\/klaudia-bernat.profesjonalnyprogramista.pl\/wp-content\/uploads\/2024\/01\/b220a9e6-4bce-40fa-8e25-3148127cd203-768x768.jpg 768w, https:\/\/klaudia-bernat.profesjonalnyprogramista.pl\/wp-content\/uploads\/2024\/01\/b220a9e6-4bce-40fa-8e25-3148127cd203-650x650.jpg 650w\" sizes=\"(max-width: 1024px) 100vw, 1024px\" \/><\/a><\/figure><div class=\"elementor-image-box-content\"><h3 class=\"elementor-image-box-title\"><a href=\"https:\/\/klaudia-bernat.profesjonalnyprogramista.pl\/?page_id=794\">Testowanie<\/a><\/h3><p class=\"elementor-image-box-description\">Poruszane zagadnienia dotycz\u0105 temat\u00f3w zwi\u0105zanych z pisaniem test\u00f3w jednostkowych.<\/p><\/div><\/div>\t\t\t\t<\/div>\n\t\t\t\t<\/div>\n\t\t\t\t\t<\/div>\n\t\t<\/div>\n\t\t\t\t<div class=\"elementor-column elementor-col-33 elementor-top-column elementor-element elementor-element-d16161c\" data-id=\"d16161c\" data-element_type=\"column\" data-e-type=\"column\" data-settings=\"{&quot;background_background&quot;:&quot;classic&quot;}\">\n\t\t\t<div class=\"elementor-widget-wrap elementor-element-populated\">\n\t\t\t\t\t\t<div class=\"elementor-element elementor-element-97c3089 elementor-position-top elementor-widget elementor-widget-image-box\" data-id=\"97c3089\" data-element_type=\"widget\" data-e-type=\"widget\" data-widget_type=\"image-box.default\">\n\t\t\t\t<div class=\"elementor-widget-container\">\n\t\t\t\t\t<div class=\"elementor-image-box-wrapper\"><figure class=\"elementor-image-box-img\"><a href=\"https:\/\/klaudia-bernat.profesjonalnyprogramista.pl\/?page_id=808\" tabindex=\"-1\"><img decoding=\"async\" width=\"1024\" height=\"1024\" src=\"https:\/\/klaudia-bernat.profesjonalnyprogramista.pl\/wp-content\/uploads\/2024\/01\/3e6f7db5-02ea-4038-a341-ff17963a6e29.jpg\" class=\"attachment-full size-full wp-image-838\" alt=\"\" srcset=\"https:\/\/klaudia-bernat.profesjonalnyprogramista.pl\/wp-content\/uploads\/2024\/01\/3e6f7db5-02ea-4038-a341-ff17963a6e29.jpg 1024w, https:\/\/klaudia-bernat.profesjonalnyprogramista.pl\/wp-content\/uploads\/2024\/01\/3e6f7db5-02ea-4038-a341-ff17963a6e29-300x300.jpg 300w, https:\/\/klaudia-bernat.profesjonalnyprogramista.pl\/wp-content\/uploads\/2024\/01\/3e6f7db5-02ea-4038-a341-ff17963a6e29-150x150.jpg 150w, https:\/\/klaudia-bernat.profesjonalnyprogramista.pl\/wp-content\/uploads\/2024\/01\/3e6f7db5-02ea-4038-a341-ff17963a6e29-768x768.jpg 768w, https:\/\/klaudia-bernat.profesjonalnyprogramista.pl\/wp-content\/uploads\/2024\/01\/3e6f7db5-02ea-4038-a341-ff17963a6e29-650x650.jpg 650w\" sizes=\"(max-width: 1024px) 100vw, 1024px\" \/><\/a><\/figure><div class=\"elementor-image-box-content\"><h3 class=\"elementor-image-box-title\"><a href=\"https:\/\/klaudia-bernat.profesjonalnyprogramista.pl\/?page_id=808\">Wzorce projektowe<\/a><\/h3><p class=\"elementor-image-box-description\">Opisa\u0142am tu niekt\u00f3re wzorce projektowe<\/p><\/div><\/div>\t\t\t\t<\/div>\n\t\t\t\t<\/div>\n\t\t\t\t\t<\/div>\n\t\t<\/div>\n\t\t\t\t\t<\/div>\n\t\t<\/section>\n\t\t\t\t<\/div>\n\t\t","protected":false},"excerpt":{"rendered":"<p>Artyku\u0142y Czysty kod Zajmuj\u0119 si\u0119 tu tematyk\u0105 zasad pomagaj\u0105cych tworzy\u0107 czysty kod. Testowanie Poruszane zagadnienia dotycz\u0105 temat\u00f3w zwi\u0105zanych z pisaniem test\u00f3w jednostkowych. Wzorce projektowe Opisa\u0142am tu niekt\u00f3re wzorce projektowe<\/p>\n","protected":false},"author":1,"featured_media":0,"parent":0,"menu_order":0,"comment_status":"closed","ping_status":"closed","template":"","meta":{"footnotes":""},"class_list":["post-264","page","type-page","status-publish","hentry"],"_links":{"self":[{"href":"https:\/\/klaudia-bernat.profesjonalnyprogramista.pl\/index.php?rest_route=\/wp\/v2\/pages\/264","targetHints":{"allow":["GET"]}}],"collection":[{"href":"https:\/\/klaudia-bernat.profesjonalnyprogramista.pl\/index.php?rest_route=\/wp\/v2\/pages"}],"about":[{"href":"https:\/\/klaudia-bernat.profesjonalnyprogramista.pl\/index.php?rest_route=\/wp\/v2\/types\/page"}],"author":[{"embeddable":true,"href":"https:\/\/klaudia-bernat.profesjonalnyprogramista.pl\/index.php?rest_route=\/wp\/v2\/users\/1"}],"replies":[{"embeddable":true,"href":"https:\/\/klaudia-bernat.profesjonalnyprogramista.pl\/index.php?rest_route=%2Fwp%2Fv2%2Fcomments&post=264"}],"version-history":[{"count":50,"href":"https:\/\/klaudia-bernat.profesjonalnyprogramista.pl\/index.php?rest_route=\/wp\/v2\/pages\/264\/revisions"}],"predecessor-version":[{"id":1058,"href":"https:\/\/klaudia-bernat.profesjonalnyprogramista.pl\/index.php?rest_route=\/wp\/v2\/pages\/264\/revisions\/1058"}],"wp:attachment":[{"href":"https:\/\/klaudia-bernat.profesjonalnyprogramista.pl\/index.php?rest_route=%2Fwp%2Fv2%2Fmedia&parent=264"}],"curies":[{"name":"wp","href":"https:\/\/api.w.org\/{rel}","templated":true}]}}