{"id":392,"date":"2023-04-03T21:21:01","date_gmt":"2023-04-03T19:21:01","guid":{"rendered":"https:\/\/klaudia-bernat.profesjonalnyprogramista.pl\/?page_id=392"},"modified":"2024-01-17T11:22:13","modified_gmt":"2024-01-17T10:22:13","slug":"aplikacja-budzetowa","status":"publish","type":"page","link":"https:\/\/klaudia-bernat.profesjonalnyprogramista.pl\/?page_id=392","title":{"rendered":"Webowa aplikacja bud\u017cetowa"},"content":{"rendered":"\t\t<div data-elementor-type=\"wp-page\" data-elementor-id=\"392\" class=\"elementor elementor-392\">\n\t\t\t\t\t\t<section class=\"elementor-section elementor-top-section elementor-element elementor-element-df53768 elementor-section-full_width elementor-section-stretched elementor-section-height-default elementor-section-height-default\" data-id=\"df53768\" data-element_type=\"section\" data-e-type=\"section\" data-settings=\"{&quot;stretch_section&quot;:&quot;section-stretched&quot;}\">\n\t\t\t\t\t\t<div class=\"elementor-container elementor-column-gap-default\">\n\t\t\t\t\t<div class=\"elementor-column elementor-col-100 elementor-top-column elementor-element elementor-element-6579ebc\" data-id=\"6579ebc\" data-element_type=\"column\" data-e-type=\"column\">\n\t\t\t<div class=\"elementor-widget-wrap elementor-element-populated\">\n\t\t\t\t\t\t<div class=\"elementor-element elementor-element-3728b96 elementor-widget__width-initial elementor-widget elementor-widget-qi_addons_for_elementor_section_title\" data-id=\"3728b96\" data-element_type=\"widget\" data-e-type=\"widget\" data-widget_type=\"qi_addons_for_elementor_section_title.default\">\n\t\t\t\t<div class=\"elementor-widget-container\">\n\t\t\t\t\t<div class=\"qodef-shortcode qodef-m  qodef-qi-section-title  qodef-decoration--italic  qodef-link--underline-draw qodef-subtitle-icon--left\">\n\t\t\t\t\t\t<h2 class=\"qodef-m-title\">\n\t\tWebowa aplikacja bud\u017cetowa\t<\/h2>\n\t\t\t<\/div>\n\t\t\t\t<\/div>\n\t\t\t\t<\/div>\n\t\t\t\t\t<\/div>\n\t\t<\/div>\n\t\t\t\t\t<\/div>\n\t\t<\/section>\n\t\t\t\t<section class=\"elementor-section elementor-top-section elementor-element elementor-element-054c384 elementor-section-boxed elementor-section-height-default elementor-section-height-default\" data-id=\"054c384\" data-element_type=\"section\" data-e-type=\"section\">\n\t\t\t\t\t\t<div class=\"elementor-container elementor-column-gap-default\">\n\t\t\t\t\t<div class=\"elementor-column elementor-col-100 elementor-top-column elementor-element elementor-element-152ffab\" data-id=\"152ffab\" data-element_type=\"column\" data-e-type=\"column\">\n\t\t\t<div class=\"elementor-widget-wrap elementor-element-populated\">\n\t\t\t\t\t\t<div class=\"elementor-element elementor-element-a60dd41 elementor-widget elementor-widget-text-editor\" data-id=\"a60dd41\" data-element_type=\"widget\" data-e-type=\"widget\" data-widget_type=\"text-editor.default\">\n\t\t\t\t<div class=\"elementor-widget-container\">\n\t\t\t\t\t\t\t\t\t<p>Jest to aplikacja wspomagaj\u0105ca zarz\u0105dzanie bud\u017cetem osobistym. Umo\u017cliwia dodawanie i edytowanie przychod\u00f3w i wydatk\u00f3w, podgl\u0105danie bilansu z wybranego okresu czasu i zarz\u0105dzanie kategoriami wpis\u00f3w. W celu wizualizacji ile pi\u0119ni\u0119dzy i w jakiej kategorii zosta\u0142o wydanych lub otrzymanych doda\u0142am wykresy ko\u0142owe.<\/p>\n<p>Stron\u0119 napisa\u0142am w j\u0119zykach PHP, HTML, CSS, JS, dodatkowo korzysta\u0142am z frameworka Bootstrap i bibliotek: jQuery i PHPMailer, silnika szablon\u00f3w Twig i systemem zarz\u0105dzania pakietami Composer. Baz\u0105 danych zarz\u0105dzam za pomoc\u0105 j\u0119zyka MySQL.<br><\/p>\t\t\t\t\t\t\t\t<\/div>\n\t\t\t\t<\/div>\n\t\t\t\t<div class=\"elementor-element elementor-element-dc2a0f6 elementor-widget elementor-widget-text-editor\" data-id=\"dc2a0f6\" data-element_type=\"widget\" data-e-type=\"widget\" data-widget_type=\"text-editor.default\">\n\t\t\t\t<div class=\"elementor-widget-container\">\n\t\t\t\t\t\t\t\t\t<p>Kod aplikacji mo\u017cna podejrze\u0107 <a href=\"https:\/\/github.com\/KahlenAmnell\/Web-Budget-Application\">tutaj<\/a>. <\/p>\t\t\t\t\t\t\t\t<\/div>\n\t\t\t\t<\/div>\n\t\t\t\t\t<\/div>\n\t\t<\/div>\n\t\t\t\t\t<\/div>\n\t\t<\/section>\n\t\t\t\t<section class=\"elementor-section elementor-top-section elementor-element elementor-element-806882c elementor-section-boxed elementor-section-height-default elementor-section-height-default\" data-id=\"806882c\" data-element_type=\"section\" data-e-type=\"section\">\n\t\t\t\t\t\t<div class=\"elementor-container elementor-column-gap-default\">\n\t\t\t\t\t<div class=\"elementor-column elementor-col-100 elementor-top-column elementor-element elementor-element-8518a0c\" data-id=\"8518a0c\" data-element_type=\"column\" data-e-type=\"column\">\n\t\t\t<div class=\"elementor-widget-wrap elementor-element-populated\">\n\t\t\t\t\t\t<div class=\"elementor-element elementor-element-9ed3218 elementor-widget elementor-widget-heading\" data-id=\"9ed3218\" data-element_type=\"widget\" data-e-type=\"widget\" data-widget_type=\"heading.default\">\n\t\t\t\t<div class=\"elementor-widget-container\">\n\t\t\t\t\t<h2 class=\"elementor-heading-title elementor-size-medium\">Opis aplikacji<\/h2>\t\t\t\t<\/div>\n\t\t\t\t<\/div>\n\t\t\t\t<div class=\"elementor-element elementor-element-826d7eb elementor-widget elementor-widget-video\" data-id=\"826d7eb\" data-element_type=\"widget\" data-e-type=\"widget\" data-settings=\"{&quot;video_type&quot;:&quot;hosted&quot;,&quot;controls&quot;:&quot;yes&quot;}\" data-widget_type=\"video.default\">\n\t\t\t\t<div class=\"elementor-widget-container\">\n\t\t\t\t\t\t\t<div class=\"e-hosted-video elementor-wrapper elementor-open-inline\">\n\t\t\t\t\t<video class=\"elementor-video\" src=\"https:\/\/klaudia-bernat.profesjonalnyprogramista.pl\/wp-content\/uploads\/2023\/04\/Flashback-mar-21-2023-14_03_00.mp4\" controls=\"\" preload=\"metadata\" controlsList=\"nodownload\"><\/video>\n\t\t\t\t<\/div>\n\t\t\t\t\t\t<\/div>\n\t\t\t\t<\/div>\n\t\t\t\t\t<\/div>\n\t\t<\/div>\n\t\t\t\t\t<\/div>\n\t\t<\/section>\n\t\t\t\t<section class=\"elementor-section elementor-top-section elementor-element elementor-element-c072cd4 elementor-section-boxed elementor-section-height-default elementor-section-height-default\" data-id=\"c072cd4\" data-element_type=\"section\" data-e-type=\"section\">\n\t\t\t\t\t\t<div class=\"elementor-container elementor-column-gap-default\">\n\t\t\t\t\t<div class=\"elementor-column elementor-col-100 elementor-top-column elementor-element elementor-element-a735be1\" data-id=\"a735be1\" data-element_type=\"column\" data-e-type=\"column\">\n\t\t\t<div class=\"elementor-widget-wrap elementor-element-populated\">\n\t\t\t\t\t\t<div class=\"elementor-element elementor-element-1a98a21 elementor-align-right elementor-widget elementor-widget-button\" data-id=\"1a98a21\" data-element_type=\"widget\" data-e-type=\"widget\" data-widget_type=\"button.default\">\n\t\t\t\t<div class=\"elementor-widget-container\">\n\t\t\t\t\t\t\t\t\t<div class=\"elementor-button-wrapper\">\n\t\t\t\t\t<a class=\"elementor-button elementor-button-link elementor-size-sm\" href=\"https:\/\/budget.klaudia-bernat.profesjonalnyprogramista.pl\/\">\n\t\t\t\t\t\t<span class=\"elementor-button-content-wrapper\">\n\t\t\t\t\t\t\t\t\t<span class=\"elementor-button-text\">Przejd\u017a do strony<\/span>\n\t\t\t\t\t<\/span>\n\t\t\t\t\t<\/a>\n\t\t\t\t<\/div>\n\t\t\t\t\t\t\t\t<\/div>\n\t\t\t\t<\/div>\n\t\t\t\t\t<\/div>\n\t\t<\/div>\n\t\t\t\t\t<\/div>\n\t\t<\/section>\n\t\t\t\t<\/div>\n\t\t","protected":false},"excerpt":{"rendered":"<p>Webowa aplikacja bud\u017cetowa Jest to aplikacja wspomagaj\u0105ca zarz\u0105dzanie bud\u017cetem osobistym. Umo\u017cliwia dodawanie i edytowanie przychod\u00f3w i wydatk\u00f3w, podgl\u0105danie bilansu z wybranego okresu czasu i zarz\u0105dzanie kategoriami wpis\u00f3w. W celu wizualizacji ile pi\u0119ni\u0119dzy i w jakiej kategorii zosta\u0142o wydanych lub otrzymanych doda\u0142am wykresy ko\u0142owe. Stron\u0119 napisa\u0142am w j\u0119zykach PHP, HTML, CSS, JS, dodatkowo korzysta\u0142am z frameworka&hellip;<\/p>\n","protected":false},"author":1,"featured_media":921,"parent":0,"menu_order":0,"comment_status":"closed","ping_status":"closed","template":"","meta":{"footnotes":""},"class_list":["post-392","page","type-page","status-publish","has-post-thumbnail","hentry"],"_links":{"self":[{"href":"https:\/\/klaudia-bernat.profesjonalnyprogramista.pl\/index.php?rest_route=\/wp\/v2\/pages\/392","targetHints":{"allow":["GET"]}}],"collection":[{"href":"https:\/\/klaudia-bernat.profesjonalnyprogramista.pl\/index.php?rest_route=\/wp\/v2\/pages"}],"about":[{"href":"https:\/\/klaudia-bernat.profesjonalnyprogramista.pl\/index.php?rest_route=\/wp\/v2\/types\/page"}],"author":[{"embeddable":true,"href":"https:\/\/klaudia-bernat.profesjonalnyprogramista.pl\/index.php?rest_route=\/wp\/v2\/users\/1"}],"replies":[{"embeddable":true,"href":"https:\/\/klaudia-bernat.profesjonalnyprogramista.pl\/index.php?rest_route=%2Fwp%2Fv2%2Fcomments&post=392"}],"version-history":[{"count":11,"href":"https:\/\/klaudia-bernat.profesjonalnyprogramista.pl\/index.php?rest_route=\/wp\/v2\/pages\/392\/revisions"}],"predecessor-version":[{"id":930,"href":"https:\/\/klaudia-bernat.profesjonalnyprogramista.pl\/index.php?rest_route=\/wp\/v2\/pages\/392\/revisions\/930"}],"wp:featuredmedia":[{"embeddable":true,"href":"https:\/\/klaudia-bernat.profesjonalnyprogramista.pl\/index.php?rest_route=\/wp\/v2\/media\/921"}],"wp:attachment":[{"href":"https:\/\/klaudia-bernat.profesjonalnyprogramista.pl\/index.php?rest_route=%2Fwp%2Fv2%2Fmedia&parent=392"}],"curies":[{"name":"wp","href":"https:\/\/api.w.org\/{rel}","templated":true}]}}