{"id":779,"date":"2024-01-11T12:45:00","date_gmt":"2024-01-11T11:45:00","guid":{"rendered":"https:\/\/klaudia-bernat.profesjonalnyprogramista.pl\/?page_id=779"},"modified":"2024-01-13T21:19:56","modified_gmt":"2024-01-13T20:19:56","slug":"solid","status":"publish","type":"page","link":"https:\/\/klaudia-bernat.profesjonalnyprogramista.pl\/?page_id=779","title":{"rendered":"Czysty kod"},"content":{"rendered":"\t\t<div data-elementor-type=\"wp-page\" data-elementor-id=\"779\" class=\"elementor elementor-779\">\n\t\t\t\t\t\t<section class=\"elementor-section elementor-top-section elementor-element elementor-element-d07e80f elementor-section-full_width elementor-section-stretched elementor-section-height-default elementor-section-height-default\" data-id=\"d07e80f\" data-element_type=\"section\" data-e-type=\"section\" data-settings=\"{&quot;stretch_section&quot;:&quot;section-stretched&quot;}\">\n\t\t\t\t\t\t<div class=\"elementor-container elementor-column-gap-default\">\n\t\t\t\t\t<div class=\"elementor-column elementor-col-100 elementor-top-column elementor-element elementor-element-94ff1cf\" data-id=\"94ff1cf\" data-element_type=\"column\" data-e-type=\"column\">\n\t\t\t<div class=\"elementor-widget-wrap elementor-element-populated\">\n\t\t\t\t\t\t<div class=\"elementor-element elementor-element-9f4f665 elementor-widget__width-initial elementor-widget elementor-widget-qi_addons_for_elementor_section_title\" data-id=\"9f4f665\" data-element_type=\"widget\" data-e-type=\"widget\" data-widget_type=\"qi_addons_for_elementor_section_title.default\">\n\t\t\t\t<div class=\"elementor-widget-container\">\n\t\t\t\t\t<div class=\"qodef-shortcode qodef-m  qodef-qi-section-title  qodef-decoration--italic  qodef-link--underline-draw qodef-subtitle-icon--left\">\n\t\t\t\t\t\t<h2 class=\"qodef-m-title\">\n\t\tCzysty kod\t<\/h2>\n\t\t\t<\/div>\n\t\t\t\t<\/div>\n\t\t\t\t<\/div>\n\t\t\t\t\t<\/div>\n\t\t<\/div>\n\t\t\t\t\t<\/div>\n\t\t<\/section>\n\t\t\t\t<section class=\"elementor-section elementor-top-section elementor-element elementor-element-84ae80f elementor-section-boxed elementor-section-height-default elementor-section-height-default\" data-id=\"84ae80f\" data-element_type=\"section\" data-e-type=\"section\">\n\t\t\t\t\t\t<div class=\"elementor-container elementor-column-gap-default\">\n\t\t\t\t\t<div class=\"elementor-column elementor-col-100 elementor-top-column elementor-element elementor-element-41bb0c4\" data-id=\"41bb0c4\" data-element_type=\"column\" data-e-type=\"column\">\n\t\t\t<div class=\"elementor-widget-wrap elementor-element-populated\">\n\t\t\t\t\t\t<div class=\"elementor-element elementor-element-ede75c5 elementor-widget elementor-widget-qi_addons_for_elementor_blog_list\" data-id=\"ede75c5\" data-element_type=\"widget\" data-e-type=\"widget\" data-widget_type=\"qi_addons_for_elementor_blog_list.default\">\n\t\t\t\t<div class=\"elementor-widget-container\">\n\t\t\t\t\t<div class=\"qodef-shortcode qodef-m  qodef-addons-blog-list qodef-info-no-icons  qodef-image--hover-zoom   qodef-qi-grid qodef-layout--qi-columns  qodef-col-num--1  qodef-item-layout--boxed qodef-responsive--predefined\" >\n\t<div class=\"qodef-grid-inner\">\n\t\t<article class=\"qodef-e qodef-blog-item qodef-grid-item qodef-item--full post-695 post type-post status-publish format-standard hentry category-artykuly category-czysty-kod tag-czysty-kod tag-java tag-solid tag-srp\">\n\t<div class=\"qodef-e-inner\">\n\t\t<div class=\"qodef-e-media-holder\">\n\t\t\t<div class=\"qodef-e-media\">\n\t<\/div>\n<div itemprop=\"dateCreated\" class=\"qodef-e-info-item qodef-e-info-date entry-date \">\n\t<a itemprop=\"url\" href=\"https:\/\/klaudia-bernat.profesjonalnyprogramista.pl\/?m=202312\">\n\t\t6 gru\t<\/a>\n<\/div>\n\t\t<\/div>\n\t\t<div class=\"qodef-e-content\">\n\t\t\t\t\t\t\t<div class=\"qodef-e-info qodef-info--top\">\n\t\t\t\t\t\t\t\t\t<\/div>\n\t\t\t\t\t\t<div class=\"qodef-e-text\">\n\t\t\t\t<h5 itemprop=\"name\" class=\"qodef-e-title entry-title\">\n\t<a itemprop=\"url\" class=\"qodef-e-title-link\" href=\"https:\/\/klaudia-bernat.profesjonalnyprogramista.pl\/?p=695\">\n\t\tSOLID &#8211; Zasada pojedynczej odpowiedzialno\u015bci\t<\/a>\n<\/h5>\n\t\t<p itemprop=\"description\" class=\"qodef-e-excerpt\">\n\t\t\tZasada pojedynczej odpowiedzialno\u015bci jest pierwsz\u0105 z pi\u0119ciu zawartych w akronimie SOLID. Zabacz o co w niej chodzi.\t\t<\/p>\n\t\t\t\t<\/div>\n\t\t\t\t\t\t\t<div class=\"qodef-e-info qodef-info--bottom\">\n\t\t\t\t\t\t<div class=\"qodef-e-read-more\">\n\t\t<a class=\"qodef-shortcode qodef-m  qodef-qi-button qodef-html--link qodef-layout--filled qodef-type--standard qodef-size--large  qodef-icon--right qodef-hover--icon-move-horizontal-short     \" href=\"https:\/\/klaudia-bernat.profesjonalnyprogramista.pl\/?p=695\" target=\"_self\">\t<span class=\"qodef-m-text\">Przejd\u017a do artyku\u0142u<\/span>\t<\/a>\t<\/div>\n\t\t\t\t<\/div>\n\t\t\t\t\t<\/div>\n\t<\/div>\n<\/article>\n<article class=\"qodef-e qodef-blog-item qodef-grid-item qodef-item--full post-704 post type-post status-publish format-standard hentry category-artykuly category-czysty-kod tag-java tag-ocp tag-solid\">\n\t<div class=\"qodef-e-inner\">\n\t\t<div class=\"qodef-e-media-holder\">\n\t\t\t<div class=\"qodef-e-media\">\n\t<\/div>\n<div itemprop=\"dateCreated\" class=\"qodef-e-info-item qodef-e-info-date entry-date \">\n\t<a itemprop=\"url\" href=\"https:\/\/klaudia-bernat.profesjonalnyprogramista.pl\/?m=202312\">\n\t\t6 gru\t<\/a>\n<\/div>\n\t\t<\/div>\n\t\t<div class=\"qodef-e-content\">\n\t\t\t\t\t\t\t<div class=\"qodef-e-info qodef-info--top\">\n\t\t\t\t\t\t\t\t\t<\/div>\n\t\t\t\t\t\t<div class=\"qodef-e-text\">\n\t\t\t\t<h5 itemprop=\"name\" class=\"qodef-e-title entry-title\">\n\t<a itemprop=\"url\" class=\"qodef-e-title-link\" href=\"https:\/\/klaudia-bernat.profesjonalnyprogramista.pl\/?p=704\">\n\t\tSOLID &#8211; Zasada otwarte &#8211; zamkni\u0119te\t<\/a>\n<\/h5>\n\t\t<p itemprop=\"description\" class=\"qodef-e-excerpt\">\n\t\t\tJest to druga zasada wchodz\u0105ca w sk\u0142ad akronimu SOLID. Co ona oznacza?\t\t<\/p>\n\t\t\t\t<\/div>\n\t\t\t\t\t\t\t<div class=\"qodef-e-info qodef-info--bottom\">\n\t\t\t\t\t\t<div class=\"qodef-e-read-more\">\n\t\t<a class=\"qodef-shortcode qodef-m  qodef-qi-button qodef-html--link qodef-layout--filled qodef-type--standard qodef-size--large  qodef-icon--right qodef-hover--icon-move-horizontal-short     \" href=\"https:\/\/klaudia-bernat.profesjonalnyprogramista.pl\/?p=704\" target=\"_self\">\t<span class=\"qodef-m-text\">Przejd\u017a do artyku\u0142u<\/span>\t<\/a>\t<\/div>\n\t\t\t\t<\/div>\n\t\t\t\t\t<\/div>\n\t<\/div>\n<\/article>\n<article class=\"qodef-e qodef-blog-item qodef-grid-item qodef-item--full post-724 post type-post status-publish format-standard hentry category-artykuly category-czysty-kod tag-czysty-kod tag-java tag-lsp tag-solid\">\n\t<div class=\"qodef-e-inner\">\n\t\t<div class=\"qodef-e-media-holder\">\n\t\t\t<div class=\"qodef-e-media\">\n\t<\/div>\n<div itemprop=\"dateCreated\" class=\"qodef-e-info-item qodef-e-info-date entry-date \">\n\t<a itemprop=\"url\" href=\"https:\/\/klaudia-bernat.profesjonalnyprogramista.pl\/?m=202312\">\n\t\t9 gru\t<\/a>\n<\/div>\n\t\t<\/div>\n\t\t<div class=\"qodef-e-content\">\n\t\t\t\t\t\t\t<div class=\"qodef-e-info qodef-info--top\">\n\t\t\t\t\t\t\t\t\t<\/div>\n\t\t\t\t\t\t<div class=\"qodef-e-text\">\n\t\t\t\t<h5 itemprop=\"name\" class=\"qodef-e-title entry-title\">\n\t<a itemprop=\"url\" class=\"qodef-e-title-link\" href=\"https:\/\/klaudia-bernat.profesjonalnyprogramista.pl\/?p=724\">\n\t\tSOLID &#8211; Zasada podstawienia Liskov\t<\/a>\n<\/h5>\n\t\t<p itemprop=\"description\" class=\"qodef-e-excerpt\">\n\t\t\tTrzecia zasada akronimu SOLID m\u00f3wi\u0105ca o poprawnym dziedziczeniu i implementacjach klas.\t\t<\/p>\n\t\t\t\t<\/div>\n\t\t\t\t\t\t\t<div class=\"qodef-e-info qodef-info--bottom\">\n\t\t\t\t\t\t<div class=\"qodef-e-read-more\">\n\t\t<a class=\"qodef-shortcode qodef-m  qodef-qi-button qodef-html--link qodef-layout--filled qodef-type--standard qodef-size--large  qodef-icon--right qodef-hover--icon-move-horizontal-short     \" href=\"https:\/\/klaudia-bernat.profesjonalnyprogramista.pl\/?p=724\" target=\"_self\">\t<span class=\"qodef-m-text\">Przejd\u017a do artyku\u0142u<\/span>\t<\/a>\t<\/div>\n\t\t\t\t<\/div>\n\t\t\t\t\t<\/div>\n\t<\/div>\n<\/article>\n<article class=\"qodef-e qodef-blog-item qodef-grid-item qodef-item--full post-735 post type-post status-publish format-standard hentry category-artykuly category-czysty-kod tag-czysty-kod tag-isp tag-java tag-solid\">\n\t<div class=\"qodef-e-inner\">\n\t\t<div class=\"qodef-e-media-holder\">\n\t\t\t<div class=\"qodef-e-media\">\n\t<\/div>\n<div itemprop=\"dateCreated\" class=\"qodef-e-info-item qodef-e-info-date entry-date \">\n\t<a itemprop=\"url\" href=\"https:\/\/klaudia-bernat.profesjonalnyprogramista.pl\/?m=202312\">\n\t\t19 gru\t<\/a>\n<\/div>\n\t\t<\/div>\n\t\t<div class=\"qodef-e-content\">\n\t\t\t\t\t\t\t<div class=\"qodef-e-info qodef-info--top\">\n\t\t\t\t\t\t\t\t\t<\/div>\n\t\t\t\t\t\t<div class=\"qodef-e-text\">\n\t\t\t\t<h5 itemprop=\"name\" class=\"qodef-e-title entry-title\">\n\t<a itemprop=\"url\" class=\"qodef-e-title-link\" href=\"https:\/\/klaudia-bernat.profesjonalnyprogramista.pl\/?p=735\">\n\t\tSOLID &#8211; Zasada segregacji interfejs\u00f3w\t<\/a>\n<\/h5>\n\t\t<p itemprop=\"description\" class=\"qodef-e-excerpt\">\n\t\t\tWydaje mi si\u0119, \u017ce jest to naj\u0142atwiejsza do zrozumienia zasada SOLID, jednak wcale nie jest przez to mniej wa\u017cna.\t\t<\/p>\n\t\t\t\t<\/div>\n\t\t\t\t\t\t\t<div class=\"qodef-e-info qodef-info--bottom\">\n\t\t\t\t\t\t<div class=\"qodef-e-read-more\">\n\t\t<a class=\"qodef-shortcode qodef-m  qodef-qi-button qodef-html--link qodef-layout--filled qodef-type--standard qodef-size--large  qodef-icon--right qodef-hover--icon-move-horizontal-short     \" href=\"https:\/\/klaudia-bernat.profesjonalnyprogramista.pl\/?p=735\" target=\"_self\">\t<span class=\"qodef-m-text\">Przejd\u017a do artyku\u0142u<\/span>\t<\/a>\t<\/div>\n\t\t\t\t<\/div>\n\t\t\t\t\t<\/div>\n\t<\/div>\n<\/article>\n<article class=\"qodef-e qodef-blog-item qodef-grid-item qodef-item--full post-749 post type-post status-publish format-standard hentry category-artykuly category-czysty-kod tag-czysty-kod tag-dip tag-java tag-solid\">\n\t<div class=\"qodef-e-inner\">\n\t\t<div class=\"qodef-e-media-holder\">\n\t\t\t<div class=\"qodef-e-media\">\n\t<\/div>\n<div itemprop=\"dateCreated\" class=\"qodef-e-info-item qodef-e-info-date entry-date \">\n\t<a itemprop=\"url\" href=\"https:\/\/klaudia-bernat.profesjonalnyprogramista.pl\/?m=202312\">\n\t\t27 gru\t<\/a>\n<\/div>\n\t\t<\/div>\n\t\t<div class=\"qodef-e-content\">\n\t\t\t\t\t\t\t<div class=\"qodef-e-info qodef-info--top\">\n\t\t\t\t\t\t\t\t\t<\/div>\n\t\t\t\t\t\t<div class=\"qodef-e-text\">\n\t\t\t\t<h5 itemprop=\"name\" class=\"qodef-e-title entry-title\">\n\t<a itemprop=\"url\" class=\"qodef-e-title-link\" href=\"https:\/\/klaudia-bernat.profesjonalnyprogramista.pl\/?p=749\">\n\t\tSOLID &#8211; Zasada odwr\u00f3cenia zale\u017cno\u015bci\t<\/a>\n<\/h5>\n\t\t<p itemprop=\"description\" class=\"qodef-e-excerpt\">\n\t\t\tOstatnia zasada akronimu SOLID promuj\u0105ca lu\u017ane sprz\u0119\u017cenie mi\u0119dzy modu\u0142ami w kodzie.\t\t<\/p>\n\t\t\t\t<\/div>\n\t\t\t\t\t\t\t<div class=\"qodef-e-info qodef-info--bottom\">\n\t\t\t\t\t\t<div class=\"qodef-e-read-more\">\n\t\t<a class=\"qodef-shortcode qodef-m  qodef-qi-button qodef-html--link qodef-layout--filled qodef-type--standard qodef-size--large  qodef-icon--right qodef-hover--icon-move-horizontal-short     \" href=\"https:\/\/klaudia-bernat.profesjonalnyprogramista.pl\/?p=749\" target=\"_self\">\t<span class=\"qodef-m-text\">Przejd\u017a do artyku\u0142u<\/span>\t<\/a>\t<\/div>\n\t\t\t\t<\/div>\n\t\t\t\t\t<\/div>\n\t<\/div>\n<\/article>\n\t<\/div>\n\t<\/div>\n\t\t\t\t<\/div>\n\t\t\t\t<\/div>\n\t\t\t\t\t<\/div>\n\t\t<\/div>\n\t\t\t\t\t<\/div>\n\t\t<\/section>\n\t\t\t\t<\/div>\n\t\t","protected":false},"excerpt":{"rendered":"<p>Czysty kod 6 gru SOLID &#8211; Zasada pojedynczej odpowiedzialno\u015bci Zasada pojedynczej odpowiedzialno\u015bci jest pierwsz\u0105 z pi\u0119ciu zawartych w akronimie SOLID. Zabacz o co w niej chodzi. Przejd\u017a do artyku\u0142u 6 gru SOLID &#8211; Zasada otwarte &#8211; zamkni\u0119te Jest to druga zasada wchodz\u0105ca w sk\u0142ad akronimu SOLID. Co ona oznacza? Przejd\u017a do artyku\u0142u 9 gru SOLID&hellip;<\/p>\n","protected":false},"author":1,"featured_media":0,"parent":264,"menu_order":0,"comment_status":"closed","ping_status":"closed","template":"","meta":{"footnotes":""},"class_list":["post-779","page","type-page","status-publish","hentry"],"_links":{"self":[{"href":"https:\/\/klaudia-bernat.profesjonalnyprogramista.pl\/index.php?rest_route=\/wp\/v2\/pages\/779","targetHints":{"allow":["GET"]}}],"collection":[{"href":"https:\/\/klaudia-bernat.profesjonalnyprogramista.pl\/index.php?rest_route=\/wp\/v2\/pages"}],"about":[{"href":"https:\/\/klaudia-bernat.profesjonalnyprogramista.pl\/index.php?rest_route=\/wp\/v2\/types\/page"}],"author":[{"embeddable":true,"href":"https:\/\/klaudia-bernat.profesjonalnyprogramista.pl\/index.php?rest_route=\/wp\/v2\/users\/1"}],"replies":[{"embeddable":true,"href":"https:\/\/klaudia-bernat.profesjonalnyprogramista.pl\/index.php?rest_route=%2Fwp%2Fv2%2Fcomments&post=779"}],"version-history":[{"count":20,"href":"https:\/\/klaudia-bernat.profesjonalnyprogramista.pl\/index.php?rest_route=\/wp\/v2\/pages\/779\/revisions"}],"predecessor-version":[{"id":861,"href":"https:\/\/klaudia-bernat.profesjonalnyprogramista.pl\/index.php?rest_route=\/wp\/v2\/pages\/779\/revisions\/861"}],"up":[{"embeddable":true,"href":"https:\/\/klaudia-bernat.profesjonalnyprogramista.pl\/index.php?rest_route=\/wp\/v2\/pages\/264"}],"wp:attachment":[{"href":"https:\/\/klaudia-bernat.profesjonalnyprogramista.pl\/index.php?rest_route=%2Fwp%2Fv2%2Fmedia&parent=779"}],"curies":[{"name":"wp","href":"https:\/\/api.w.org\/{rel}","templated":true}]}}