{"id":794,"date":"2024-01-11T20:27:03","date_gmt":"2024-01-11T19:27:03","guid":{"rendered":"https:\/\/klaudia-bernat.profesjonalnyprogramista.pl\/?page_id=794"},"modified":"2024-01-13T21:24:53","modified_gmt":"2024-01-13T20:24:53","slug":"testowanie","status":"publish","type":"page","link":"https:\/\/klaudia-bernat.profesjonalnyprogramista.pl\/?page_id=794","title":{"rendered":"Testowanie"},"content":{"rendered":"\t\t<div data-elementor-type=\"wp-page\" data-elementor-id=\"794\" class=\"elementor elementor-794\">\n\t\t\t\t\t\t<section class=\"elementor-section elementor-top-section elementor-element elementor-element-d5679ab elementor-section-full_width elementor-section-stretched elementor-section-height-default elementor-section-height-default\" data-id=\"d5679ab\" data-element_type=\"section\" data-e-type=\"section\" data-settings=\"{&quot;stretch_section&quot;:&quot;section-stretched&quot;}\">\n\t\t\t\t\t\t<div class=\"elementor-container elementor-column-gap-default\">\n\t\t\t\t\t<div class=\"elementor-column elementor-col-100 elementor-top-column elementor-element elementor-element-260a3b4\" data-id=\"260a3b4\" data-element_type=\"column\" data-e-type=\"column\">\n\t\t\t<div class=\"elementor-widget-wrap elementor-element-populated\">\n\t\t\t\t\t\t<div class=\"elementor-element elementor-element-b150576 elementor-widget__width-initial elementor-widget elementor-widget-qi_addons_for_elementor_section_title\" data-id=\"b150576\" data-element_type=\"widget\" data-e-type=\"widget\" data-widget_type=\"qi_addons_for_elementor_section_title.default\">\n\t\t\t\t<div class=\"elementor-widget-container\">\n\t\t\t\t\t<div class=\"qodef-shortcode qodef-m  qodef-qi-section-title  qodef-decoration--italic  qodef-link--underline-draw qodef-subtitle-icon--left\">\n\t\t\t\t\t\t<h2 class=\"qodef-m-title\">\n\t\tTestowanie\t<\/h2>\n\t\t\t<\/div>\n\t\t\t\t<\/div>\n\t\t\t\t<\/div>\n\t\t\t\t\t<\/div>\n\t\t<\/div>\n\t\t\t\t\t<\/div>\n\t\t<\/section>\n\t\t\t\t<section class=\"elementor-section elementor-top-section elementor-element elementor-element-70ca470 elementor-section-boxed elementor-section-height-default elementor-section-height-default\" data-id=\"70ca470\" data-element_type=\"section\" data-e-type=\"section\">\n\t\t\t\t\t\t<div class=\"elementor-container elementor-column-gap-default\">\n\t\t\t\t\t<div class=\"elementor-column elementor-col-100 elementor-top-column elementor-element elementor-element-d4037ab\" data-id=\"d4037ab\" data-element_type=\"column\" data-e-type=\"column\">\n\t\t\t<div class=\"elementor-widget-wrap elementor-element-populated\">\n\t\t\t\t\t\t<div class=\"elementor-element elementor-element-03866b5 elementor-widget elementor-widget-qi_addons_for_elementor_blog_list\" data-id=\"03866b5\" data-element_type=\"widget\" data-e-type=\"widget\" data-widget_type=\"qi_addons_for_elementor_blog_list.default\">\n\t\t\t\t<div class=\"elementor-widget-container\">\n\t\t\t\t\t<div class=\"qodef-shortcode qodef-m  qodef-addons-blog-list qodef-info-no-icons  qodef-image--hover-zoom   qodef-qi-grid qodef-layout--qi-columns  qodef-col-num--1  qodef-item-layout--boxed qodef-responsive--predefined\" >\n\t<div class=\"qodef-grid-inner\">\n\t\t<article class=\"qodef-e qodef-blog-item qodef-grid-item qodef-item--full post-594 post type-post status-publish format-standard hentry category-artykuly category-testy-jednostkowe tag-junit tag-tdd tag-test-driven-development tag-testy-jednostkowe\">\n\t<div class=\"qodef-e-inner\">\n\t\t<div class=\"qodef-e-media-holder\">\n\t\t\t<div class=\"qodef-e-media\">\n\t<\/div>\n<div itemprop=\"dateCreated\" class=\"qodef-e-info-item qodef-e-info-date entry-date \">\n\t<a itemprop=\"url\" href=\"https:\/\/klaudia-bernat.profesjonalnyprogramista.pl\/?m=202311\">\n\t\t8 lis\t<\/a>\n<\/div>\n\t\t<\/div>\n\t\t<div class=\"qodef-e-content\">\n\t\t\t\t\t\t\t<div class=\"qodef-e-info qodef-info--top\">\n\t\t\t\t\t\t\t\t\t<\/div>\n\t\t\t\t\t\t<div class=\"qodef-e-text\">\n\t\t\t\t<h5 itemprop=\"name\" class=\"qodef-e-title entry-title\">\n\t<a itemprop=\"url\" class=\"qodef-e-title-link\" href=\"https:\/\/klaudia-bernat.profesjonalnyprogramista.pl\/?p=594\">\n\t\tTest-Driven Development\t<\/a>\n<\/h5>\n\t\t<p itemprop=\"description\" class=\"qodef-e-excerpt\">\n\t\t\tJest to technika pisania oprogramowania, w kt\u00f3rej g\u0142\u00f3wn\u0105 ide\u0105 jest pisanie testu unitowego do funkcjonalno\u015bci, kt\u00f3ra jeszcze nie istnieje, a dopiero potem napisanie kodu imp\t\t<\/p>\n\t\t\t\t<\/div>\n\t\t\t\t\t\t\t<div class=\"qodef-e-info qodef-info--bottom\">\n\t\t\t\t\t\t<div class=\"qodef-e-read-more\">\n\t\t<a class=\"qodef-shortcode qodef-m  qodef-qi-button qodef-html--link qodef-layout--filled qodef-type--standard qodef-size--large  qodef-icon--right qodef-hover--icon-move-horizontal-short     \" href=\"https:\/\/klaudia-bernat.profesjonalnyprogramista.pl\/?p=594\" target=\"_self\">\t<span class=\"qodef-m-text\">Przejd\u017a do artyku\u0142u<\/span>\t<\/a>\t<\/div>\n\t\t\t\t<\/div>\n\t\t\t\t\t<\/div>\n\t<\/div>\n<\/article>\n<article class=\"qodef-e qodef-blog-item qodef-grid-item qodef-item--full post-647 post type-post status-publish format-standard hentry category-artykuly category-testy-jednostkowe tag-junit tag-mockito2 tag-stub tag-testy-jednostkowe\">\n\t<div class=\"qodef-e-inner\">\n\t\t<div class=\"qodef-e-media-holder\">\n\t\t\t<div class=\"qodef-e-media\">\n\t<\/div>\n<div itemprop=\"dateCreated\" class=\"qodef-e-info-item qodef-e-info-date entry-date \">\n\t<a itemprop=\"url\" href=\"https:\/\/klaudia-bernat.profesjonalnyprogramista.pl\/?m=202311\">\n\t\t15 lis\t<\/a>\n<\/div>\n\t\t<\/div>\n\t\t<div class=\"qodef-e-content\">\n\t\t\t\t\t\t\t<div class=\"qodef-e-info qodef-info--top\">\n\t\t\t\t\t\t\t\t\t<\/div>\n\t\t\t\t\t\t<div class=\"qodef-e-text\">\n\t\t\t\t<h5 itemprop=\"name\" class=\"qodef-e-title entry-title\">\n\t<a itemprop=\"url\" class=\"qodef-e-title-link\" href=\"https:\/\/klaudia-bernat.profesjonalnyprogramista.pl\/?p=647\">\n\t\tStub, mock i spy\t<\/a>\n<\/h5>\n\t\t<p itemprop=\"description\" class=\"qodef-e-excerpt\">\n\t\t\tW tym artykule wyja\u015bniam r\u00f3\u017cnic\u0119 mi\u0119dzy obiektami z tytu\u0142u i pokazuj\u0119 do czego ka\u017cde z nich mo\u017ce pos\u0142u\u017cy\u0107.\t\t<\/p>\n\t\t\t\t<\/div>\n\t\t\t\t\t\t\t<div class=\"qodef-e-info qodef-info--bottom\">\n\t\t\t\t\t\t<div class=\"qodef-e-read-more\">\n\t\t<a class=\"qodef-shortcode qodef-m  qodef-qi-button qodef-html--link qodef-layout--filled qodef-type--standard qodef-size--large  qodef-icon--right qodef-hover--icon-move-horizontal-short     \" href=\"https:\/\/klaudia-bernat.profesjonalnyprogramista.pl\/?p=647\" target=\"_self\">\t<span class=\"qodef-m-text\">Przejd\u017a do artyku\u0142u<\/span>\t<\/a>\t<\/div>\n\t\t\t\t<\/div>\n\t\t\t\t\t<\/div>\n\t<\/div>\n<\/article>\n\t<\/div>\n\t<\/div>\n\t\t\t\t<\/div>\n\t\t\t\t<\/div>\n\t\t\t\t\t<\/div>\n\t\t<\/div>\n\t\t\t\t\t<\/div>\n\t\t<\/section>\n\t\t\t\t<\/div>\n\t\t","protected":false},"excerpt":{"rendered":"<p>Testowanie 8 lis Test-Driven Development Jest to technika pisania oprogramowania, w kt\u00f3rej g\u0142\u00f3wn\u0105 ide\u0105 jest pisanie testu unitowego do funkcjonalno\u015bci, kt\u00f3ra jeszcze nie istnieje, a dopiero potem napisanie kodu imp Przejd\u017a do artyku\u0142u 15 lis Stub, mock i spy W tym artykule wyja\u015bniam r\u00f3\u017cnic\u0119 mi\u0119dzy obiektami z tytu\u0142u i pokazuj\u0119 do czego ka\u017cde z nich&hellip;<\/p>\n","protected":false},"author":1,"featured_media":0,"parent":264,"menu_order":0,"comment_status":"closed","ping_status":"closed","template":"","meta":{"footnotes":""},"class_list":["post-794","page","type-page","status-publish","hentry"],"_links":{"self":[{"href":"https:\/\/klaudia-bernat.profesjonalnyprogramista.pl\/index.php?rest_route=\/wp\/v2\/pages\/794","targetHints":{"allow":["GET"]}}],"collection":[{"href":"https:\/\/klaudia-bernat.profesjonalnyprogramista.pl\/index.php?rest_route=\/wp\/v2\/pages"}],"about":[{"href":"https:\/\/klaudia-bernat.profesjonalnyprogramista.pl\/index.php?rest_route=\/wp\/v2\/types\/page"}],"author":[{"embeddable":true,"href":"https:\/\/klaudia-bernat.profesjonalnyprogramista.pl\/index.php?rest_route=\/wp\/v2\/users\/1"}],"replies":[{"embeddable":true,"href":"https:\/\/klaudia-bernat.profesjonalnyprogramista.pl\/index.php?rest_route=%2Fwp%2Fv2%2Fcomments&post=794"}],"version-history":[{"count":10,"href":"https:\/\/klaudia-bernat.profesjonalnyprogramista.pl\/index.php?rest_route=\/wp\/v2\/pages\/794\/revisions"}],"predecessor-version":[{"id":865,"href":"https:\/\/klaudia-bernat.profesjonalnyprogramista.pl\/index.php?rest_route=\/wp\/v2\/pages\/794\/revisions\/865"}],"up":[{"embeddable":true,"href":"https:\/\/klaudia-bernat.profesjonalnyprogramista.pl\/index.php?rest_route=\/wp\/v2\/pages\/264"}],"wp:attachment":[{"href":"https:\/\/klaudia-bernat.profesjonalnyprogramista.pl\/index.php?rest_route=%2Fwp%2Fv2%2Fmedia&parent=794"}],"curies":[{"name":"wp","href":"https:\/\/api.w.org\/{rel}","templated":true}]}}